{"id":10,"date":"2014-04-04T06:17:44","date_gmt":"2014-04-04T06:17:44","guid":{"rendered":"http:\/\/franceza.cnprsv.ro\/?page_id=10"},"modified":"2023-10-09T09:52:06","modified_gmt":"2023-10-09T07:52:06","slug":"proiecte-interdisciplinare","status":"publish","type":"page","link":"https:\/\/franceza.cnprsv.ro\/?page_id=10","title":{"rendered":"Proiecte interdisciplinare"},"content":{"rendered":"<h3><strong>Proiecte interdisciplinare<\/strong><\/h3>\n<ul>\n<li>2023 &#8211; 2024 Proiectul <a href=\"https:\/\/lemaquillage2023.wixsite.com\/lemaquillage23\">Le maquillage, art ou n\u00e9ccesit\u00e9<\/a> (clasa a XI-a A) \u0219i Proiectul <a href=\"https:\/\/laglaceunregalauxm.wixsite.com\/laglace\" target=\"_blank\" rel=\"noopener\">La Glace Royale<\/a>\u00a0(clasa a XI-a F)<\/li>\n<li>2022 &#8211; 2023 Proiectul\u00a0<a href=\"https:\/\/lamodefrancaise22.wixsite.com\/11a2022\" target=\"_blank\" rel=\"noopener\"><em>La mode, un p\u00e9riple entre art et n\u00e9cessit\u00e9<\/em><\/a> (clasa a XI-a A) \u0219i Proiectul <a href=\"https:\/\/lesenergiesrenouvelables11f.blogspot.com\/\" target=\"_blank\" rel=\"noopener\">Les nergies renouvelables<\/a> (clasa a XI-a F)<\/li>\n<li>2021 &#8211; 2022 Proiectul <em style=\"color: initial;\"><a href=\"https:\/\/lagrotourismeenbucovine.wordpress.com\/\" target=\"_blank\" rel=\"noopener\">L&#8217;agrotourisme en Bucovine<\/a><\/em><span style=\"color: initial;\"> (clasa a XI-a A) \u0219i <\/span>Proiectul\u00a0<a href=\"https:\/\/sites.google.com\/view\/le-fromage-une-aventure\/accueil?authuser=0\" target=\"_blank\" rel=\"noopener\"><em>Le fromage une aventure gourmande \u00e0 travers le temps et l&#8217;espace<\/em><\/a> (clasa a XI-a F)<\/li>\n<li>2020 &#8211; 2021 Proiectul <a href=\"https:\/\/voicesofficial.wixsite.com\/lapoterienroumanie\" target=\"_blank\" rel=\"noopener\">La poterie \u00e0 travers les \u00e9poques<\/a> (clasa a XI-a A) \u0219i Proiectul \u00a0(clasa a XI-a F)<\/li>\n<li>2019 &#8211; 2020 Proiectul <a href=\"https:\/\/cnpetruraressuceava.wixsite.com\/leparfum\" target=\"_blank\" rel=\"noopener\"><em>Le parfum, fragrance des g\u00e9n\u00e9rations<\/em><\/a> (clasa a XI-a F) \u0219i Proiectul (clasa a XI-a A)<\/li>\n<li>2018 &#8211; 2019 Proectul <a href=\"https:\/\/deuxspiritualites.wixsite.com\/frro?fbclid=IwAR1jY9YugetvsR0y1gnZNu6tmLLkueuiyhdvm_OD9lKfDsrRRvCIDzybL9M\" target=\"_blank\" rel=\"noopener\">LA FRANCE ET LA ROUMANIE deux spiritualit\u00e9s crois\u00e9es<\/a> (clasa a XI-a A)<\/li>\n<li>2017 &#8211; 2018 Proiectul <em><a href=\"https:\/\/visniec2018.wordpress.com\/\" target=\"_blank\" rel=\"noopener\">Matei Vi\u015fniec &#8211; L\u2019 homme et les cit\u00e9s, croisements multiculturels<\/a> <\/em>(clasa a XI-a A) \u0219i Proiectul <em><a href=\"https:\/\/le-temps.site123.me\/\" target=\"_blank\" rel=\"noopener\">Le temps et les temps. Influencent-ils le d\u00e9veloppement de l&#8217;\u00eatre et comment?<\/a><\/em>(clasa a XI-a F)<\/li>\n<li>2016 &#8211; 2017 Proiectul <em><a href=\"https:\/\/franceza.cnprsv.ro\/proiect2016201711A\/index.html\">La blouse roumaine<\/a><\/em> (clasa a XI-a A) \u0219i Proiect <a href=\"https:\/\/oviataperfecta.wixsite.com\/univers\" target=\"_blank\" rel=\"noopener\"><em>La vie parfaite<\/em><\/a> (clasa a XI-a F)<\/li>\n<li>2015 &#8211; 2016 Proiectul <em><a href=\"https:\/\/franceza.cnprsv.ro\/Fruitsdebois\/\" target=\"_blank\" rel=\"noopener\">Fruits de bois<\/a><\/em><\/li>\n<li>2014 &#8211; 2015\u00a0 Proiectul <a href=\"https:\/\/chocojoie.wordpress.com\" target=\"_blank\" rel=\"noopener\"><em>Ciocolata<\/em><\/a><\/li>\n<li>2013 &#8211; 2014\u00a0 Proiectul <em>Cum \u0219i \u00een ce m\u0103sur\u0103 ne poate influen\u021ba publicitatea?<\/em><\/li>\n<li>2012 &#8211; 2013\u00a0 Proiectul <i><a href=\"documente\/REVISTA_franceza_polonaise_Bucovina.pdf\" target=\"_blank\" rel=\"noopener\">Este comunitatea polonez\u0103 din Bucovina o matrice de integrare etnic\u0103?<\/a>,<\/i> Proiectul <a href=\"http:\/\/cnprsv.ro\/novas\" target=\"_blank\" rel=\"noopener\"><i>Aventurile unei bule de s\u0103pun <\/i><\/a><\/li>\n<li>2011 &#8211; 2012\u00a0 Proiectul <i><a href=\"http:\/\/lamobilitecnpr.wordpress.com\" target=\"_blank\" rel=\"noopener\">Mobilitatea oamenilor \u2013 de ce \u0219i pentru cine?<\/a>, <\/i>Proiectul <a href=\"http:\/\/lesgrandesdecouvertes.wikispaces.com\" target=\"_blank\" rel=\"noopener\"><i>Marile descoperiri \u0219tiin\u021bifice care au contribuit la evolu\u021bia societ\u0103\u021bii<\/i><\/a><\/li>\n<li>2010 &#8211; 2011\u00a0 Proiectul <i><a href=\"http:\/\/lenombredor.wikispaces.com\" target=\"_blank\" rel=\"noopener\">Num\u0103rul de aur \u2013 cheia armoniei universale<\/a><\/i> (<a href=\"https:\/\/franceza.cnprsv.ro\/?page_id=229\" target=\"_blank\" rel=\"noopener\">Proiect de locuin\u021b\u0103<\/a>)<i>, <\/i>Proiectul <a href=\"documente\/revista-renastere-bucovina.pdf\" target=\"_blank\" rel=\"noopener\"><i>Rena\u0219terea \u00een Bucovina<\/i><\/a><\/li>\n<li>2009 &#8211; 2010\u00a0 Proiectul <a href=\"http:\/\/proiectbilingv0910franceza.blogspot.ro\" target=\"_blank\" rel=\"noopener\"><i>De la \u00eenv\u0103\u021b\u0103m\u00e2ntul bilingv c\u0103tre pia\u021ba muncii <\/i><\/a><\/li>\n<li>2008 &#8211; 2009\u00a0 Proiectul <i>Alimenta\u021bia secolului XXI \u2013 \u00eentre tradi\u021bionalism \u0219i modernitate<\/i><\/li>\n<li>2007 &#8211; 2008\u00a0 Proiectul <i><a href=\"documente\/Tehnologia - aliat sau inamic al societatii.pdf\" target=\"_blank\" rel=\"noopener\">Tehnologia &#8211; aliat sau inamic al societ\u0103\u021bii?<\/a>,\u00a0 <\/i>Proiectul <a href=\"https:\/\/franceza.cnprsv.ro\/?page_id=386\"><i>Matricile \u00een biologie \u0219i \u00een fizic\u0103<\/i><\/a><\/li>\n<li>2006 &#8211; 2007\u00a0 Proiectul <a href=\"https:\/\/franceza.cnprsv.ro\/?page_id=226\" target=\"_blank\" rel=\"noopener\"><i>Care este semnifica\u021bia graficului \u00een biologie \u0219i matematic\u0103?<\/i><\/a><i>, <\/i>Proiect<i> Care sunt influen\u021bele factorilor economic, istoric, religios asupra educa\u021biei tinerilor?<\/i><\/li>\n<li>2005 &#8211; 2006\u00a0 Proiectul <a href=\"documente\/2015_aprilie_Cahier_du_bord_psychologie.pdf\" target=\"_blank\" rel=\"noopener\"><i>\u015etiin\u0163\u0103 \u015fi etic\u0103<\/i><\/a><\/li>\n<li>2004 &#8211; 2005\u00a0 Proiectul <a href=\"documente\/2015_aprilie_Cum_sa_ma_informez_pentru_a_deveni_un_bun_cetatean_european.pdf\" target=\"_blank\" rel=\"noopener\"><i>Cum s\u0103 m\u0103 informez pentru a deveni un bun cet\u0103\u0163ean european?<\/i><\/a><\/li>\n<li>2003 &#8211; 2004\u00a0 Proiectul <a href=\"documente\/2015_aprilie_Afis_patromoniu_armenesc.jpg\" target=\"_blank\" rel=\"noopener\"><i>Conservarea patrimoniului armean<\/i><\/a><\/li>\n<\/ul>\n","protected":false},"excerpt":{"rendered":"<p>Proiecte interdisciplinare 2023 &#8211; 2024 Proiectul Le maquillage, art ou n\u00e9ccesit\u00e9 (clasa a XI-a A) \u0219i Proiectul La Glace Royale\u00a0(clasa a XI-a F) 2022 &#8211; 2023 Proiectul\u00a0La mode, un p\u00e9riple entre art et n\u00e9cessit\u00e9 (clasa a XI-a A) \u0219i Proiectul Les nergies renouvelables (clasa a XI-a F) 2021 &#8211; 2022 Proiectul L&#8217;agrotourisme en Bucovine (clasa &#8230; <a title=\"Proiecte interdisciplinare\" class=\"read-more\" href=\"https:\/\/franceza.cnprsv.ro\/?page_id=10\" aria-label=\"Read more about Proiecte interdisciplinare\">Read more<\/a><\/p>\n","protected":false},"author":1,"featured_media":0,"parent":38,"menu_order":1,"comment_status":"closed","ping_status":"closed","template":"page_archive.php","meta":{"footnotes":""},"class_list":["post-10","page","type-page","status-publish"],"_links":{"self":[{"href":"https:\/\/franceza.cnprsv.ro\/index.php?rest_route=\/wp\/v2\/pages\/10"}],"collection":[{"href":"https:\/\/franceza.cnprsv.ro\/index.php?rest_route=\/wp\/v2\/pages"}],"about":[{"href":"https:\/\/franceza.cnprsv.ro\/index.php?rest_route=\/wp\/v2\/types\/page"}],"author":[{"embeddable":true,"href":"https:\/\/franceza.cnprsv.ro\/index.php?rest_route=\/wp\/v2\/users\/1"}],"replies":[{"embeddable":true,"href":"https:\/\/franceza.cnprsv.ro\/index.php?rest_route=%2Fwp%2Fv2%2Fcomments&post=10"}],"version-history":[{"count":60,"href":"https:\/\/franceza.cnprsv.ro\/index.php?rest_route=\/wp\/v2\/pages\/10\/revisions"}],"predecessor-version":[{"id":474,"href":"https:\/\/franceza.cnprsv.ro\/index.php?rest_route=\/wp\/v2\/pages\/10\/revisions\/474"}],"up":[{"embeddable":true,"href":"https:\/\/franceza.cnprsv.ro\/index.php?rest_route=\/wp\/v2\/pages\/38"}],"wp:attachment":[{"href":"https:\/\/franceza.cnprsv.ro\/index.php?rest_route=%2Fwp%2Fv2%2Fmedia&parent=10"}],"curies":[{"name":"wp","href":"https:\/\/api.w.org\/{rel}","templated":true}]}}