{"id":19,"date":"2014-04-04T06:18:29","date_gmt":"2014-04-04T04:18:29","guid":{"rendered":"http:\/\/franceza.cnprsv.ro\/?page_id=19"},"modified":"2014-06-25T08:21:30","modified_gmt":"2014-06-25T06:21:30","slug":"in-mass-media","status":"publish","type":"page","link":"https:\/\/franceza.cnprsv.ro\/?page_id=19","title":{"rendered":"\u00een mass-media"},"content":{"rendered":"<p>&nbsp;<\/p>\n<p>&nbsp;<\/p>\n<h3><strong>Ecouri \u00een mass-media<\/strong><\/h3>\n<p>&nbsp;<\/p>\n<p><strong>Deux lyc\u00e9ennes roumaines int\u00e8grent le prestigieux Coll\u00e8ge universitaire de Sciences Po.<\/strong><\/p>\n<p><em>Le Coll\u00e8ge universitaire de Sciences Po compte aujourd\u2019hui sept campus en France dont un \u00e0 Dijon (europ\u00e9en, Europe centrale et orientale), et un autre \u00e0 Nancy (europ\u00e9en, franco-allemand). Tous proposent une\u00a0formation d&#8217;excellence en sciences sociales enrichie d&#8217;une forte ouverture sur l&#8217;Europe. Chaque ann\u00e9e, le Coll\u00e8ge universitaire de Sciences Po accueille et aide financi\u00e8rement des \u00e9tudiants \u00e9trangers, tri\u00e9s sur le volet.<\/em><\/p>\n<p>A la rentr\u00e9e prochaine, deux \u00e9l\u00e8ves roumaines int\u00e9greront cette prestigieuse \u00e9cole. La premi\u00e8re \u00e9l\u00e8ve est issue du r\u00e9seau de lyc\u00e9es bilingues franco-roumain. Il s&#8217;agit de Roxana Rotaru. Roxana est \u00e9l\u00e8ve de XII\u00e8me (fili\u00e8re philologie) au Coll\u00e8ge National &#8220;Petru Rares&#8221; de Suceava. Son dossier de candidature avait attir\u00e9 l&#8217;attention du jury de Sciences Po. Elle a donc \u00e9t\u00e9 re\u00e7ue pour un entretien qui s&#8217;est tr\u00e8s bien pass\u00e9 puisqu&#8217;elle vient d&#8217;\u00eatre accept\u00e9e pour int\u00e9grer Sciences Po. (le campus de Dijon). Du reste, son parcours prouve bien que les sections bilingues franco-roumaines produisent d&#8217;excellents \u00e9l\u00e8ves.<\/p>\n<p>La seconde \u00e9l\u00e8ve qui int\u00e9grera Sciences Po \u00e0 la rentr\u00e9e prochaine, s&#8217;appelle\u00a0S\u00e2nziana Gabor.\u00a0S\u00e2nziana est \u00e9l\u00e8ve de XII\u00e8me au\u00a0Coll\u00e8ge National &#8220;Moise Nicoara&#8221; d&#8217;Arad et elle vient d&#8217;\u00eatre accept\u00e9e \u00e0 Sciences Po. &#8211; campus Nancy, apr\u00e8s avoir pass\u00e9 un entretien qu&#8217;elle avait pr\u00e9alablement pr\u00e9par\u00e9 avec Virgile Prod&#8217;homme, le charg\u00e9 de mission de coop\u00e9ration \u00e9ducative \u00e0 l&#8217;Institut fran\u00e7ais de Timisoara. &#8220;<em>L&#8217;interview s&#8217;est bien pass\u00e9e<\/em>, affirme-t-elle,<em>\u00a0j&#8217;ai bien aim\u00e9 l\u2019atmosph\u00e8re que les dames, qui m&#8217;ont \u00e9valu\u00e9e, ont cr\u00e9\u00e9e [&#8230;] J&#8217;ai eu un article qui traitait l\u2019europhobie et on a parl\u00e9 g\u00e9n\u00e9ralement de l\u2019Europe et des \u00e9lections europ\u00e9ennes. Elles m&#8217;ont pos\u00e9 des questions en Allemand aussi, dont l&#8217;entrainement m&#8217;a \u00e9t\u00e9 utile<\/em>&#8220;. Nous adressons toutes nos f\u00e9licitations \u00e0 ces deux lyc\u00e9ennes \u00e0 l&#8217;avenir prometteur, et nous leur souhaitons bonne continuation dans leurs \u00e9tudes.<\/p>\n<p>Ces deux bonnes nouvelles sont l&#8217;occasion de rappeler qu&#8217;une d\u00e9l\u00e9gation du Coll\u00e8ge universitaire de Sciences Po. se rend chaque ann\u00e9e en Roumanie, pour s&#8217;entretenir avec les meilleurs \u00e9l\u00e8ves et leur permettre de poursuivre leurs \u00e9tudes en France, d\u00e8s la premi\u00e8re ann\u00e9e de Licence. Pour plus d&#8217;informations, rendez-vous sur leur site internet,\u00a0<a href=\"http:\/\/college.sciences-po.fr\/sitedijon\/\">en cliquant ici.<\/a><\/p>\n<p>Surs\u0103: <a href=\"http:\/\/vizavi-edu.ro\/index.php?option=com_content&amp;view=article&amp;id=438%3Adeux-lyceennes-roumaines-integre-le-prestigieux-college-universitaire-de-sciences-po&amp;catid=39%3Achroniques-du-bilingue&amp;Itemid=69&amp;lang=fr\">http:\/\/vizavi-edu.ro\/index.php?option=com_content&amp;view=article&amp;id=438%3Adeux-lyceennes-roumaines-integre-le-prestigieux-college-universitaire-de-sciences-po&amp;catid=39%3Achroniques-du-bilingue&amp;Itemid=69&amp;lang=fr<\/a><\/p>\n<p>&nbsp;<\/p>\n<p>&nbsp;<\/p>\n<p>&nbsp;<\/p>\n<p><b>Dou\u0103 absolvente ale Colegiului \u201ePetru Rare\u015f\u201d, premiate pentru rezultate deosebite \u00een cadrul bacalaureatului francofon<\/b><\/p>\n<p><b><i>de <\/i><\/b><b><i><a title=\"Articol scris de Adelina TALPALARIU\" href=\"http:\/\/www.monitorulsv.ro\/cauta\/Adelina%20TALPALARIU\/2014\/04\/autor\/desc\/pagina-1\">Adelina TALPALARIU<\/a><\/i><\/b><b><i><br \/>\n<\/i><\/b><b><i><\/i><\/b><\/p>\n<p>S\u0103pt\u0103m\u00e2na trecut\u0103, la Institutul Francez din Rom\u00e2nia (Bucure\u015fti) \u015fi la re\u015fedin\u0163a ambasadorului Fran\u0163ei la Bucure\u015fti, a avut loc o serie de evenimente dedicate anivers\u0103rii a zece ani de existen\u0163\u0103 a re\u0163elei de clase bilingve francez\u0103. Aceast\u0103 re\u021bea cuprinde, \u00een prezent, 27 de licee din toat\u0103 \u021bara \u0219i num\u0103r\u0103 \u00een jur de 3.000 de elevi. Absolven\u0163ii acestor clase sus\u0163in bacalaureatul bilingv francofon, Colegiul Na\u0163ional \u201ePetru Rare\u015f\u201d Suceava fiind singurul liceu din jude\u0163 \u00een care func\u0163ioneaz\u0103 o clas\u0103 bilingv\u0103 francofon\u0103 ai c\u0103ror absolven\u0163i sus\u0163in bacalaureatul \u00een limba francez\u0103, \u00eentr-o sesiune special\u0103.<\/p>\n<p>Dou\u0103 dintre absolventele acestei sec\u0163iuni au fost premiate, s\u0103pt\u0103m\u00e2na trecut\u0103, pentru rezultatele ob\u0163inute \u00een cadrul examenului de final de liceu. Este vorba despre Anca Cre\u0163u \u015fi Tabita Butnariu, distinc\u0163iile fiindu-le \u00eenm\u00e2nate de tenismenul Ilie N\u0103stase.<\/p>\n<p>\u00cen total, 15 dintre cei mai buni tineri care au absolvit liceul \u00een anul 2013, \u00een cadrul liceelor bilingve, au fost recompensa\u0163i cu premii const\u00e2nd \u00een diplome de merit \u015fi cu c\u00e2te o sum\u0103 simbolic\u0103 de 400 de lei.<\/p>\n<p>Potrivit reprezentan\u0163ilor colegiului sucevean, \u201eprintre invita\u0163ii acestor manifest\u0103ri s-au aflat dou\u0103 foste eleve ale colegiului ce au ob\u0163inut cele mai mari note din \u0163ar\u0103 la proba scris\u0103 la istorie \u00een limba francez\u0103: Anca Cre\u0163u \u2013 9,50 \u015fi Tabita Butnariu \u2013 9,40\u201d.<\/p>\n<p>Anca Cre\u0163u este, \u00een prezent, student\u0103 a \u015ecolii Na\u0163ionale de Studii Politice \u015fi Administrative (SNSPA) Bucure\u015fti, iar Tabita Butnariu studiaz\u0103 la Universitatea \u201e\u015etefan cel Mare\u201d Suceava.<\/p>\n<p>&nbsp;<\/p>\n<p><b>Diplom\u0103 de excelen\u0163\u0103 pentru colegiul sucevean<\/b><\/p>\n<p>Evenimentele de s\u0103pt\u0103m\u00e2na trecut\u0103 au reunit profesori \u015fi directori ai celor 27 de licee bilingv francofone din \u0163ar\u0103, c\u0103rora le-au fost \u00eenm\u00e2nate atestate de excelen\u0163\u0103 pentru activitatea didactic\u0103 din ultimii zece ani. Din delega\u0163ia colegiului sucevean au mai f\u0103cut parte Anca Greculeac \u2013 director adjunct al institu\u0163iei \u015fi prof. Antonela-Gabriela Glaser.<\/p>\n<p>Anca Greculeac a primit, \u00een numele colegiului, Diploma de Excelen\u0163\u0103.<\/p>\n<p>Colegiul Na\u0163ional \u201cPetru Rare\u015f\u201c, singurul liceu bilingv francofon din jude\u0163 unde toate disciplinele reale sunt predate \u00een francez\u0103.<br \/>\nAceasta este concluzia raportului pe care l-a trimis Ministerul Educa\u0163iei \u00een urma evalu\u0103rii u \u00een perioada 25-26 februarie 2014 reprezentan\u0163i ai M.E.N., ai Institutului Francez \u015fi ambasadei Fran\u0163ei la Bucure\u015fti au evaluat sec\u0163ia bilingv\u0103 de la \u201cPetru Rare\u015f\u201c.<\/p>\n<p>\u00cen perioada 25 \u2013 26 februarie 2014, sec\u0163ia bilingv\u0103 francofon\u0103 din cadrul Colegiului Na\u0163ional \u201cPetru Rare\u015f\u201c Suceava, a fost evaluat\u0103 de c\u0103tre reprezentan\u0163i ai Ministerului Educa\u0163iei Na\u0163ionale, ai Serviciului de Cooperare din cadrul Institutului Francez din Rom\u00e2nia, dar \u015fi de c\u0103tre reprezentan\u0163i ai Ambasadei Fran\u0163ei la Bucure\u015fti. Colegiul Na\u0163ional \u201cPetru Rare\u015f\u201c este unul dintre cele 27 de licee bilingve francofone din \u0163ar\u0103, unita\u0163i de \u00eenv\u0103\u0163\u0103m\u00e2nt incluse \u00een proiectul bilateral franco-rom\u00e2n \u201cDe L\u2019enseignement bilingue aux filieres universitaires francophones\u201d (\u201cDe la \u00eenv\u0103\u0163\u0103m\u00e2ntul bilingv c\u0103tre filierele universitare francofone\u201d). Este singurul liceu cu profil bilingv francofon din jude\u0163 iar \u00een Moldova mai sunt trei licee cu specializ\u0103ri francofone si anume \u00een Ia\u015fi, Gala\u0163i \u015fi Boto\u015fani. \u201cS-au \u00eemplinit 10 ani de c\u00e2nd a fost demarat acest proiect \u015fi ca urmare toate cele 27 de licee bilingve francofone din \u0163ar\u0103 au fost evaluate. Este un aspect pozitiv pentru jude\u0163ul nostru, Colegiul Na\u0163ional \u201cPetru Rare\u015f\u201c fiind singurul de acest gen. Elevii care sus\u0163in examenul de Bacalaureat aici, vor avea o men\u0163iune special\u0103 pe diplom\u0103, fiindu-le astfel recunoscut\u0103 munca \u015fi cuno\u015ftin\u0163ele dob\u00e2ndite. Rezultatele evalu\u0103rii vor fi transmise printr-un comunicat al Ministerului Educa\u0163iei Na\u0163ionale \u00een cursul s\u0103pt\u0103m\u00e2nii viitoare\u201d, am aflat de la prof. dr. Constantin Tiron, inspector \u015fcolar pentru Limba francez\u0103.<\/p>\n<p>Pe parcursul acestor dou\u0103 zile, reprezentan\u0163ii MEN dar \u015fi cei ai Ambasadei Fran\u0163ei la Bucure\u015fti au asistat la orele de curs, dar au analizat \u015fi modul de promovare a limbii franceze de c\u0103tre cadrele didactice de la acest\u0103 unitate de \u00eenv\u0103t\u0103m\u00eent.<\/p>\n<p>Rezultatele acestei evalu\u0103ri au fost transmise printr-un comunicat al Ministerului Educa\u0163iei Na\u0163ionale at\u00e2t conducerii Colegiului Na\u0163ional \u201cPetru Rare\u015f\u201c c\u00e2t \u015fi inspectorului de limb\u0103 francez\u0103 din cadrul ISJ Suceava. \u201cAm fost \u00een\u015ftiin\u0163a\u0163i c\u0103 suntem singurul Colegiu bilingv din \u0163ar\u0103 unde se predau toate disciplinele reale \u00een limba francez\u0103, av\u00e2nd profesori califica\u0163i \u00een acest sens\u201d, ne-a declarat prof. Daniela Dungeanu, director al Colegiului Na\u0163ional \u201cPetru Rare\u015f\u201c. La aceast\u0103 unitate de \u00eenv\u0103\u0163\u0103m\u00e2nt sunt cinci clase bilingve de limb\u0103 francez\u0103, c\u00e2te una pentru clasele a IX-a, a X-a \u015fi a XI-a cu specializarea matematic\u0103-informatic\u0103 \u015fi dou\u0103 pentru clasa a XII-a unde este \u015fi specializarea Filologie.<\/p>\n<p>Surs\u0103: <a href=\"http:\/\/www.monitorulsv.ro\/Local\/2014-03-18\/Doua-absolvente-ale-Colegiului-Petru-Rares-premiate-pentru-rezultate-deosebite-in-cadrul-bacalaureatului-francofon\" target=\"_blank\">http:\/\/www.monitorulsv.ro\/Local\/2014-03-18\/Doua-absolvente-ale-Colegiului-Petru-Rares-premiate-pentru-rezultate-deosebite-in-cadrul-bacalaureatului-francofon<\/a><\/p>\n<p>&nbsp;<\/p>\n<p>&nbsp;<\/p>\n<p>&nbsp;<\/p>\n<p><b>Colegiul Na\u0163ional \u201cPetru Rare\u015f\u201c, singurul liceu bilingv francofon din jude\u0163 unde toate disciplinele reale sunt predate \u00een francez\u0103<\/b><\/p>\n<p>Aceasta este concluzia raportului pe care l-a trimis Ministerul Educa\u0163iei \u00een urma evalu\u0103rii u \u00een perioada 25-26 februarie 2014 reprezentan\u0163i ai M.E.N., ai Institutului Francez \u015fi ambasadei Fran\u0163ei la Bucure\u015fti au evaluat sec\u0163ia bilingv\u0103 de la \u201cPetru Rare\u015f\u201c.<\/p>\n<p>\u00cen perioada 25 \u2013 26 februarie 2014, sec\u0163ia bilingv\u0103 francofon\u0103 din cadrul Colegiului Na\u0163ional \u201cPetru Rare\u015f\u201c Suceava, a fost evaluat\u0103 de c\u0103tre reprezentan\u0163i ai Ministerului Educa\u0163iei Na\u0163ionale, ai Serviciului de Cooperare din cadrul Institutului Francez din Rom\u00e2nia, dar \u015fi de c\u0103tre reprezentan\u0163i ai Ambasadei Fran\u0163ei la Bucure\u015fti. Colegiul Na\u0163ional \u201cPetru Rare\u015f\u201c este unul dintre cele 27 de licee bilingve francofone din \u0163ar\u0103, unita\u0163i de \u00eenv\u0103\u0163\u0103m\u00e2nt incluse \u00een proiectul bilateral franco-rom\u00e2n \u201cDe L\u2019enseignement bilingue aux filieres universitaires francophones\u201d (\u201cDe la \u00eenv\u0103\u0163\u0103m\u00e2ntul bilingv c\u0103tre filierele universitare francofone\u201d). Este singurul liceu cu profil bilingv francofon din jude\u0163 iar \u00een Moldova mai sunt trei licee cu specializ\u0103ri francofone si anume \u00een Ia\u015fi, Gala\u0163i \u015fi Boto\u015fani. \u201cS-au \u00eemplinit 10 ani de c\u00e2nd a fost demarat acest proiect \u015fi ca urmare toate cele 27 de licee bilingve francofone din \u0163ar\u0103 au fost evaluate. Este un aspect pozitiv pentru jude\u0163ul nostru, Colegiul Na\u0163ional \u201cPetru Rare\u015f\u201c fiind singurul de acest gen. Elevii care sus\u0163in examenul de Bacalaureat aici, vor avea o men\u0163iune special\u0103 pe diplom\u0103, fiindu-le astfel recunoscut\u0103 munca \u015fi cuno\u015ftin\u0163ele dob\u00e2ndite. Rezultatele evalu\u0103rii vor fi transmise printr-un comunicat al Ministerului Educa\u0163iei Na\u0163ionale \u00een cursul s\u0103pt\u0103m\u00e2nii viitoare\u201d, am aflat de la prof. dr. Constantin Tiron, inspector \u015fcolar pentru Limba francez\u0103.<\/p>\n<p>Pe parcursul acestor dou\u0103 zile, reprezentan\u0163ii MEN dar \u015fi cei ai Ambasadei Fran\u0163ei la Bucure\u015fti au asistat la orele de curs, dar au analizat \u015fi modul de promovare a limbii franceze de c\u0103tre cadrele didactice de la acest\u0103 unitate de \u00eenv\u0103t\u0103m\u00eent.<\/p>\n<p>Rezultatele acestei evalu\u0103ri au fost transmise printr-un comunicat al Ministerului Educa\u0163iei Na\u0163ionale at\u00e2t conducerii Colegiului Na\u0163ional \u201cPetru Rare\u015f\u201c c\u00e2t \u015fi inspectorului de limb\u0103 francez\u0103 din cadrul ISJ Suceava. \u201cAm fost \u00een\u015ftiin\u0163a\u0163i c\u0103 suntem singurul Colegiu bilingv din \u0163ar\u0103 unde se predau toate disciplinele reale \u00een limba francez\u0103, av\u00e2nd profesori califica\u0163i \u00een acest sens\u201d, ne-a declarat prof. Daniela Dungeanu, director al Colegiului Na\u0163ional \u201cPetru Rare\u015f\u201c. La aceast\u0103 unitate de \u00eenv\u0103\u0163\u0103m\u00e2nt sunt cinci clase bilingve de limb\u0103 francez\u0103, c\u00e2te una pentru clasele a IX-a, a X-a \u015fi a XI-a cu specializarea matematic\u0103-informatic\u0103 \u015fi dou\u0103 pentru clasa a XII-a unde este \u015fi specializarea Filologie.<\/p>\n<p>Surs\u0103: <a href=\"http:\/\/www.obiectivdesuceava.ro\/local\/colegiul-national-petru-rares-singurul-liceu-bilingv-francofon-din-judet-unde-toate-disciplinele-reale-sunt-predate-in-franceza\" target=\"_blank\">http:\/\/www.obiectivdesuceava.ro\/local\/colegiul-national-petru-rares-singurul-liceu-bilingv-francofon-din-judet-unde-toate-disciplinele-reale-sunt-predate-in-franceza<\/a><\/p>\n<p>&nbsp;<\/p>\n<p>&nbsp;<\/p>\n<p>&nbsp;<\/p>\n","protected":false},"excerpt":{"rendered":"<p>&nbsp; &nbsp; Ecouri \u00een mass-media &nbsp; Deux lyc\u00e9ennes roumaines int\u00e8grent le prestigieux Coll\u00e8ge universitaire de Sciences Po. Le Coll\u00e8ge universitaire de Sciences Po compte aujourd\u2019hui sept campus en France dont un \u00e0 Dijon (europ\u00e9en, Europe centrale et orientale), et un autre \u00e0 Nancy (europ\u00e9en, franco-allemand). Tous proposent une\u00a0formation d&#8217;excellence en sciences sociales enrichie d&#8217;une forte &#8230; <a title=\"\u00een mass-media\" class=\"read-more\" href=\"https:\/\/franceza.cnprsv.ro\/?page_id=19\" aria-label=\"Read more about \u00een mass-media\">Read more<\/a><\/p>\n","protected":false},"author":1,"featured_media":0,"parent":16,"menu_order":3,"comment_status":"closed","ping_status":"closed","template":"page_archive.php","meta":{"footnotes":""},"class_list":["post-19","page","type-page","status-publish"],"_links":{"self":[{"href":"https:\/\/franceza.cnprsv.ro\/index.php?rest_route=\/wp\/v2\/pages\/19"}],"collection":[{"href":"https:\/\/franceza.cnprsv.ro\/index.php?rest_route=\/wp\/v2\/pages"}],"about":[{"href":"https:\/\/franceza.cnprsv.ro\/index.php?rest_route=\/wp\/v2\/types\/page"}],"author":[{"embeddable":true,"href":"https:\/\/franceza.cnprsv.ro\/index.php?rest_route=\/wp\/v2\/users\/1"}],"replies":[{"embeddable":true,"href":"https:\/\/franceza.cnprsv.ro\/index.php?rest_route=%2Fwp%2Fv2%2Fcomments&post=19"}],"version-history":[{"count":10,"href":"https:\/\/franceza.cnprsv.ro\/index.php?rest_route=\/wp\/v2\/pages\/19\/revisions"}],"predecessor-version":[{"id":371,"href":"https:\/\/franceza.cnprsv.ro\/index.php?rest_route=\/wp\/v2\/pages\/19\/revisions\/371"}],"up":[{"embeddable":true,"href":"https:\/\/franceza.cnprsv.ro\/index.php?rest_route=\/wp\/v2\/pages\/16"}],"wp:attachment":[{"href":"https:\/\/franceza.cnprsv.ro\/index.php?rest_route=%2Fwp%2Fv2%2Fmedia&parent=19"}],"curies":[{"name":"wp","href":"https:\/\/api.w.org\/{rel}","templated":true}]}}