{"id":220,"date":"2014-04-07T12:21:15","date_gmt":"2014-04-07T10:21:15","guid":{"rendered":"http:\/\/franceza.cnprsv.ro\/?page_id=220"},"modified":"2014-04-26T10:59:09","modified_gmt":"2014-04-26T08:59:09","slug":"obiectivele-sectiei","status":"publish","type":"page","link":"https:\/\/franceza.cnprsv.ro\/?page_id=220","title":{"rendered":"Obiectivele sec\u021biei"},"content":{"rendered":"<p>&nbsp;<\/p>\n<p>&nbsp;<\/p>\n<h3 style=\"text-align: left;\"><strong>Obiectivele sec\u021biei<\/strong><\/h3>\n<p>&nbsp;<\/p>\n<p>Printre obiectivele acestei sec\u021bii se num\u0103r\u0103:<\/p>\n<ul>\n<li>A imbog\u0103\u021bi \u0219i a diversifica vocabularul<\/li>\n<li>A analiza procesele economice, socale \u0219i culturale<\/li>\n<li>A ini\u021bia \u00een cercetare<\/li>\n<li>A concepe grafice, CD-ROM-uri \u0219i h\u0103r\u021bi<\/li>\n<li>A exprima opiniile<\/li>\n<li>A promova toleran\u021ba \u0219i coabitarea, a p\u0103stra diversitatea etnic\u0103<\/li>\n<li>A dezvolta competen\u021bele informatice<\/li>\n<li>A prezenta o sinteza coerent\u0103 \u0219i logic\u0103<\/li>\n<li>A manifesta flexibilitate \u00een schimbul de idei \u00een cadrul unei echipe<\/li>\n<li>A sensibiliza elevii \u00een \u00eenv\u0103\u021barea limbii franceze ca modalitate de acces pe pia\u021ba muncii<\/li>\n<li>A cre\u0219te interesul elevilor \u00een descoperirea aspectelor socioculturale \u0219i profesionale specifice<\/li>\n<li>A dezvolta \u00eencrederea elevilor \u00een capacitatea lor de a inova<\/li>\n<\/ul>\n<p>&nbsp;<\/p>\n<p>&nbsp;<\/p>\n","protected":false},"excerpt":{"rendered":"<p>&nbsp; &nbsp; Obiectivele sec\u021biei &nbsp; Printre obiectivele acestei sec\u021bii se num\u0103r\u0103: A imbog\u0103\u021bi \u0219i a diversifica vocabularul A analiza procesele economice, socale \u0219i culturale A ini\u021bia \u00een cercetare A concepe grafice, CD-ROM-uri \u0219i h\u0103r\u021bi A exprima opiniile A promova toleran\u021ba \u0219i coabitarea, a p\u0103stra diversitatea etnic\u0103 A dezvolta competen\u021bele informatice A prezenta o sinteza coerent\u0103 &#8230; <a title=\"Obiectivele sec\u021biei\" class=\"read-more\" href=\"https:\/\/franceza.cnprsv.ro\/?page_id=220\" aria-label=\"Read more about Obiectivele sec\u021biei\">Read more<\/a><\/p>\n","protected":false},"author":1,"featured_media":0,"parent":77,"menu_order":4,"comment_status":"open","ping_status":"open","template":"page_archive.php","meta":{"footnotes":""},"class_list":["post-220","page","type-page","status-publish"],"_links":{"self":[{"href":"https:\/\/franceza.cnprsv.ro\/index.php?rest_route=\/wp\/v2\/pages\/220"}],"collection":[{"href":"https:\/\/franceza.cnprsv.ro\/index.php?rest_route=\/wp\/v2\/pages"}],"about":[{"href":"https:\/\/franceza.cnprsv.ro\/index.php?rest_route=\/wp\/v2\/types\/page"}],"author":[{"embeddable":true,"href":"https:\/\/franceza.cnprsv.ro\/index.php?rest_route=\/wp\/v2\/users\/1"}],"replies":[{"embeddable":true,"href":"https:\/\/franceza.cnprsv.ro\/index.php?rest_route=%2Fwp%2Fv2%2Fcomments&post=220"}],"version-history":[{"count":4,"href":"https:\/\/franceza.cnprsv.ro\/index.php?rest_route=\/wp\/v2\/pages\/220\/revisions"}],"predecessor-version":[{"id":347,"href":"https:\/\/franceza.cnprsv.ro\/index.php?rest_route=\/wp\/v2\/pages\/220\/revisions\/347"}],"up":[{"embeddable":true,"href":"https:\/\/franceza.cnprsv.ro\/index.php?rest_route=\/wp\/v2\/pages\/77"}],"wp:attachment":[{"href":"https:\/\/franceza.cnprsv.ro\/index.php?rest_route=%2Fwp%2Fv2%2Fmedia&parent=220"}],"curies":[{"name":"wp","href":"https:\/\/api.w.org\/{rel}","templated":true}]}}