{"id":297,"date":"2014-04-10T08:20:22","date_gmt":"2014-04-10T06:20:22","guid":{"rendered":"http:\/\/franceza.cnprsv.ro\/?page_id=297"},"modified":"2014-04-26T11:00:17","modified_gmt":"2014-04-26T09:00:17","slug":"trupa-de-teatru","status":"publish","type":"page","link":"https:\/\/franceza.cnprsv.ro\/?page_id=297","title":{"rendered":"Trupa de teatru"},"content":{"rendered":"<p>&nbsp;<\/p>\n<p>&nbsp;<\/p>\n<h3 style=\"text-align: left;\"><b>Trupa de teatru francofon \u2013 BCBG<\/b><\/h3>\n<p>&nbsp;<\/p>\n<p>Continuarea tradi\u021biei teatrului \u00een limba francez\u0103 este una din preocup\u0103rile profesorilor din catedr\u0103 \u0219i ale elevilor de la clasele bilingve sau nebilingve. \u00cenv\u0103\u021barea limbii franceze \u0219i prin practica teatral\u0103 asigur\u0103 un nivel de limb\u0103 superior, o deschidere spre cunoa\u0219tere, o educa\u021bie, nu doar formal\u0103, ci \u0219i informal\u0103.<\/p>\n<p>Membrii trupei sunt opt-nou\u0103 elevi &#8211; actori amatori \u0219i un elev care se ocup\u0103 cu sonorizarea \u0219i luminile. Participarea anual\u0103 \u00een perioada 22-29 octombrie la edi\u021biile festivalului francofon de la Arad este urmat\u0103 de prezen\u021ba la edi\u021bii succesive ale Festivalul interna\u021bional de teatru francofon AMIFRAN, (\u00een 2013 a avut loc ce-a de-a 14-a participare a trupei de teatru de la CNPR la acest festival interna\u021bional). Elevii-actori au avut, astfel, prilejul s\u0103 viziteze numeroase ora\u0219e europene: Alytus (Lituania), Gand (Belgia), La Roche sur Yon (Fran\u021ba), Sorrento (Italia), Huesca (Spania), Napoli (Italia).<\/p>\n<p>&nbsp;<\/p>\n<p>&nbsp;<\/p>\n","protected":false},"excerpt":{"rendered":"<p>&nbsp; &nbsp; Trupa de teatru francofon \u2013 BCBG &nbsp; Continuarea tradi\u021biei teatrului \u00een limba francez\u0103 este una din preocup\u0103rile profesorilor din catedr\u0103 \u0219i ale elevilor de la clasele bilingve sau nebilingve. \u00cenv\u0103\u021barea limbii franceze \u0219i prin practica teatral\u0103 asigur\u0103 un nivel de limb\u0103 superior, o deschidere spre cunoa\u0219tere, o educa\u021bie, nu doar formal\u0103, ci \u0219i &#8230; <a title=\"Trupa de teatru\" class=\"read-more\" href=\"https:\/\/franceza.cnprsv.ro\/?page_id=297\" aria-label=\"Read more about Trupa de teatru\">Read more<\/a><\/p>\n","protected":false},"author":1,"featured_media":0,"parent":77,"menu_order":15,"comment_status":"open","ping_status":"open","template":"page_archive.php","meta":{"footnotes":""},"class_list":["post-297","page","type-page","status-publish"],"_links":{"self":[{"href":"https:\/\/franceza.cnprsv.ro\/index.php?rest_route=\/wp\/v2\/pages\/297"}],"collection":[{"href":"https:\/\/franceza.cnprsv.ro\/index.php?rest_route=\/wp\/v2\/pages"}],"about":[{"href":"https:\/\/franceza.cnprsv.ro\/index.php?rest_route=\/wp\/v2\/types\/page"}],"author":[{"embeddable":true,"href":"https:\/\/franceza.cnprsv.ro\/index.php?rest_route=\/wp\/v2\/users\/1"}],"replies":[{"embeddable":true,"href":"https:\/\/franceza.cnprsv.ro\/index.php?rest_route=%2Fwp%2Fv2%2Fcomments&post=297"}],"version-history":[{"count":2,"href":"https:\/\/franceza.cnprsv.ro\/index.php?rest_route=\/wp\/v2\/pages\/297\/revisions"}],"predecessor-version":[{"id":349,"href":"https:\/\/franceza.cnprsv.ro\/index.php?rest_route=\/wp\/v2\/pages\/297\/revisions\/349"}],"up":[{"embeddable":true,"href":"https:\/\/franceza.cnprsv.ro\/index.php?rest_route=\/wp\/v2\/pages\/77"}],"wp:attachment":[{"href":"https:\/\/franceza.cnprsv.ro\/index.php?rest_route=%2Fwp%2Fv2%2Fmedia&parent=297"}],"curies":[{"name":"wp","href":"https:\/\/api.w.org\/{rel}","templated":true}]}}