{"id":4,"date":"2014-04-04T06:11:08","date_gmt":"2014-04-04T04:11:08","guid":{"rendered":"http:\/\/franceza.cnprsv.ro\/?page_id=4"},"modified":"2014-04-10T10:45:11","modified_gmt":"2014-04-10T08:45:11","slug":"home","status":"publish","type":"page","link":"https:\/\/franceza.cnprsv.ro\/","title":{"rendered":"Acasa"},"content":{"rendered":"<p>&nbsp;<\/p>\n<p align=\"center\"><img loading=\"lazy\" decoding=\"async\" class=\"alignright  wp-image-287\" alt=\"logo_fr_bilingv\" src=\"https:\/\/franceza.cnprsv.ro\/wp-content\/uploads\/2014\/04\/logo_fr_bilingv.jpg\" width=\"296\" height=\"219\" srcset=\"https:\/\/franceza.cnprsv.ro\/wp-content\/uploads\/2014\/04\/logo_fr_bilingv.jpg 720w, https:\/\/franceza.cnprsv.ro\/wp-content\/uploads\/2014\/04\/logo_fr_bilingv-300x223.jpg 300w\" sizes=\"(max-width: 296px) 100vw, 296px\" \/><\/p>\n<p align=\"center\"><b><i>De ce limba\u00a0francez\u0103 ?<\/i><\/b><\/p>\n<p>&nbsp;<\/p>\n<ol>\n<li>A \u00eenv\u0103\u021ba o singur\u0103 limb\u0103 nu este suficient<\/li>\n<li>Franceza este, al\u0103turi de englez\u0103, singura limb\u0103 vorbit\u0103 pe cinci continente<\/li>\n<li>Un atu pentru cariera profesional\u0103<\/li>\n<li>Un avantaj pentru a studia \u00een Fran\u021ba<\/li>\n<li>Limba rela\u021biilor interna\u021bionale<\/li>\n<li>Descoperirea unui univers cultural incomparabil<\/li>\n<li>O limb\u0103 pentru a g\u00e2ndi \u0219i a dezbate<\/li>\n<li>Vizitarea Parisului \u0219i Fran\u021bei<\/li>\n<li>O deschidere mai larg\u0103 spre lume<\/li>\n<li>Franceza este o limb\u0103 pl\u0103cut\u0103 \u0219i u\u0219or de \u00eenv\u0103\u021bat<\/li>\n<li>Un \u00eenv\u0103\u021b\u0103m\u00e2nt francofon de calitate<\/li>\n<li>Multiple posibilit\u0103\u021bi de schimburi interna\u021bionale<\/li>\n<\/ol>\n<p>&nbsp;<\/p>\n<p>Rom\u00e2nia r\u0103spunde preciz\u0103rilor Uniunii Europene, introduc\u00e2nd dou\u0103 limbi obligatorii \u00een parcursul \u0219colar al tuturor elevilor.<\/p>\n<p>Bacalaureatul bilingv cu men\u021biunea francofon\u0103 se def\u0103\u015foar\u0103 din iunie 2008, sub forma unui program implementat \u00een 25 de licee din Rom\u00e2nia. Programul presupune predarea a opt discipline \u00een limba francez\u0103 \u2013 matematic\u0103, istorie, geografie, fizic\u0103, chimie, biologie, \u0219tiin\u021be economice, informatic\u0103.<\/p>\n<p>Certificatele franceze atest\u0103 nivelul dob\u00e2ndit: 2658 elevi rom\u00e2ni s-au \u00eenscris \u00een 2009 pentru diplomele DELF oferite de Ministerul Educa\u021biei Na\u021bionale din Fran\u0163a.<\/p>\n<p>&nbsp;<\/p>\n<p align=\"center\"><img loading=\"lazy\" decoding=\"async\" class=\"aligncentre  wp-image-290\" alt=\"placheta\" src=\"https:\/\/franceza.cnprsv.ro\/wp-content\/uploads\/2014\/04\/placheta.jpg\" width=\"266\" height=\"221\" srcset=\"https:\/\/franceza.cnprsv.ro\/wp-content\/uploads\/2014\/04\/placheta.jpg 491w, https:\/\/franceza.cnprsv.ro\/wp-content\/uploads\/2014\/04\/placheta-300x250.jpg 300w\" sizes=\"(max-width: 266px) 100vw, 266px\" \/><\/p>\n<p>&nbsp;<\/p>\n<p>&nbsp;<\/p>\n","protected":false},"excerpt":{"rendered":"<p>&nbsp; De ce limba\u00a0francez\u0103 ? &nbsp; A \u00eenv\u0103\u021ba o singur\u0103 limb\u0103 nu este suficient Franceza este, al\u0103turi de englez\u0103, singura limb\u0103 vorbit\u0103 pe cinci continente Un atu pentru cariera profesional\u0103 Un avantaj pentru a studia \u00een Fran\u021ba Limba rela\u021biilor interna\u021bionale Descoperirea unui univers cultural incomparabil O limb\u0103 pentru a g\u00e2ndi \u0219i a dezbate Vizitarea Parisului &#8230; <a title=\"Acasa\" class=\"read-more\" href=\"https:\/\/franceza.cnprsv.ro\/\" aria-label=\"Read more about Acasa\">Read more<\/a><\/p>\n","protected":false},"author":1,"featured_media":0,"parent":0,"menu_order":0,"comment_status":"open","ping_status":"closed","template":"page_archive.php","meta":{"footnotes":""},"class_list":["post-4","page","type-page","status-publish"],"_links":{"self":[{"href":"https:\/\/franceza.cnprsv.ro\/index.php?rest_route=\/wp\/v2\/pages\/4"}],"collection":[{"href":"https:\/\/franceza.cnprsv.ro\/index.php?rest_route=\/wp\/v2\/pages"}],"about":[{"href":"https:\/\/franceza.cnprsv.ro\/index.php?rest_route=\/wp\/v2\/types\/page"}],"author":[{"embeddable":true,"href":"https:\/\/franceza.cnprsv.ro\/index.php?rest_route=\/wp\/v2\/users\/1"}],"replies":[{"embeddable":true,"href":"https:\/\/franceza.cnprsv.ro\/index.php?rest_route=%2Fwp%2Fv2%2Fcomments&post=4"}],"version-history":[{"count":23,"href":"https:\/\/franceza.cnprsv.ro\/index.php?rest_route=\/wp\/v2\/pages\/4\/revisions"}],"predecessor-version":[{"id":307,"href":"https:\/\/franceza.cnprsv.ro\/index.php?rest_route=\/wp\/v2\/pages\/4\/revisions\/307"}],"wp:attachment":[{"href":"https:\/\/franceza.cnprsv.ro\/index.php?rest_route=%2Fwp%2Fv2%2Fmedia&parent=4"}],"curies":[{"name":"wp","href":"https:\/\/api.w.org\/{rel}","templated":true}]}}