{"id":8,"date":"2014-04-04T06:17:34","date_gmt":"2014-04-04T06:17:34","guid":{"rendered":"http:\/\/franceza.cnprsv.ro\/?page_id=8"},"modified":"2015-04-17T12:31:36","modified_gmt":"2015-04-17T10:31:36","slug":"bacalaureat-francofon","status":"publish","type":"page","link":"https:\/\/franceza.cnprsv.ro\/?page_id=8","title":{"rendered":"Bacalaureat francofon"},"content":{"rendered":"<p>&nbsp;<\/p>\n<p>&nbsp;<\/p>\n<h3><strong>Bacalaureat francofon<\/strong><\/h3>\n<p>&nbsp;<\/p>\n<p>Pute\u0163i citi:<\/p>\n<ul>\n<li><a href=\"documente\/bac2013_Anexa_1_Metodologia_de_organizare_si_desfasurare_a_probelor_specifice.pdf\" target=\"_blank\">Metodologia bacalaureatului francofon<\/a><\/li>\n<li><a href=\"\/documente\/bac2013_Anexa_2_Proba_anticipata.pdf\" target=\"_blank\">Proba anticipat\u0103<\/a><\/li>\n<li><a href=\"documente\/bac2013_Anexa_3_Temele_din_programele_de_bacalaureat_la_disciplinele_pentru_care_elevii_sustin_probele_specifice.pdf\" target=\"_blank\">Programele pentru disciplinile non-lingvistice<\/a><\/li>\n<li><a href=\"documente\/bac2013_ordin_bac_bilingv_2012_2013.pdf\" target=\"_blank\">Ordinul privind organizarea \u015fi desf\u0103\u015furarea probelor specifice sus\u0163inute de elevii sec\u0163iilor bilingve francofone<\/a><\/li>\n<li><a href=\"documente\/2014_februarie_OMEN_proba_anticipata_bac_bilingv_francofon_2014.pdf\" target=\"_blank\">OMEN proba anticipata &#8211; bac bilingv francofon 2014<\/a><\/li>\n<li><a href=\"documente\/2015_aprilie_Organizarea_sectiilor_biligve_francofone.zip\" target=\"_blank\">Organizarea sec\u021biilor biligve francofone <\/a><\/li>\n<\/ul>\n<p>&nbsp;<\/p>\n<p>&nbsp;<\/p>\n<p>&nbsp;<\/p>\n","protected":false},"excerpt":{"rendered":"<p>&nbsp; &nbsp; Bacalaureat francofon &nbsp; Pute\u0163i citi: Metodologia bacalaureatului francofon Proba anticipat\u0103 Programele pentru disciplinile non-lingvistice Ordinul privind organizarea \u015fi desf\u0103\u015furarea probelor specifice sus\u0163inute de elevii sec\u0163iilor bilingve francofone OMEN proba anticipata &#8211; bac bilingv francofon 2014 Organizarea sec\u021biilor biligve francofone &nbsp; &nbsp; &nbsp;<\/p>\n","protected":false},"author":1,"featured_media":0,"parent":0,"menu_order":2,"comment_status":"closed","ping_status":"closed","template":"page_archive.php","meta":{"footnotes":""},"class_list":["post-8","page","type-page","status-publish"],"_links":{"self":[{"href":"https:\/\/franceza.cnprsv.ro\/index.php?rest_route=\/wp\/v2\/pages\/8"}],"collection":[{"href":"https:\/\/franceza.cnprsv.ro\/index.php?rest_route=\/wp\/v2\/pages"}],"about":[{"href":"https:\/\/franceza.cnprsv.ro\/index.php?rest_route=\/wp\/v2\/types\/page"}],"author":[{"embeddable":true,"href":"https:\/\/franceza.cnprsv.ro\/index.php?rest_route=\/wp\/v2\/users\/1"}],"replies":[{"embeddable":true,"href":"https:\/\/franceza.cnprsv.ro\/index.php?rest_route=%2Fwp%2Fv2%2Fcomments&post=8"}],"version-history":[{"count":9,"href":"https:\/\/franceza.cnprsv.ro\/index.php?rest_route=\/wp\/v2\/pages\/8\/revisions"}],"predecessor-version":[{"id":396,"href":"https:\/\/franceza.cnprsv.ro\/index.php?rest_route=\/wp\/v2\/pages\/8\/revisions\/396"}],"wp:attachment":[{"href":"https:\/\/franceza.cnprsv.ro\/index.php?rest_route=%2Fwp%2Fv2%2Fmedia&parent=8"}],"curies":[{"name":"wp","href":"https:\/\/api.w.org\/{rel}","templated":true}]}}